{"id":3170,"date":"2020-06-09T11:44:10","date_gmt":"2020-06-09T09:44:10","guid":{"rendered":"http:\/\/www.valerie-philippin.com\/site\/?page_id=3170"},"modified":"2024-09-13T14:35:34","modified_gmt":"2024-09-13T12:35:34","slug":"improvisation","status":"publish","type":"page","link":"https:\/\/www.valerie-philippin.com\/site\/improvisation\/","title":{"rendered":"ImprovisationS"},"content":{"rendered":"\n<div class=\"wp-block-columns is-layout-flex wp-container-core-columns-is-layout-9d6595d7 wp-block-columns-is-layout-flex\">\n<div class=\"wp-block-column colonnefixe is-layout-flow wp-block-column-is-layout-flow\">\n<div class=\"wp-block-group\"><div class=\"wp-block-group__inner-container is-layout-flow wp-block-group-is-layout-flow\">\n<p><em><strong>Performance electro-lyrique<\/strong><\/em><br><em>\u00a0\u00bb BUZZ \u00a0\u00bb <\/em><br>promenade en immersion sonore sous casque dans les jardins du Palais Royal, Paris. Conception Wilfried Wendling et Abbi Patrix pour deux sopranos, conteur, percussionniste, \u00e9lectronique<br>Production Muse en Circuit<\/p>\n\n\n\n<p><em><strong>Performance &#8211; improvisation<\/strong><\/em><br>\u00ab\u00a0L\u2019entaille du monde\u00a0\u00bb<br>Improvisation et performance pour l\u2019installation \u00e9lectroacoustique et voix de Gr\u00e9goire Lorieux. Ensemble l\u2019Itin\u00e9raire \u2013 Marais d\u2019Episy, 2019.<br><br><em><strong>Performance &#8211; improvisation<\/strong><\/em><br>\u00ab\u00a0Fake\u00a0\u00bb<br>Performance \u00e9lectro-cont\u00e9e sous casque de Wilfried Wendling et Abbi Patrix. Paris, Gare de l&rsquo;Est.<br>La Muse en Circuit, 2019.<br><br><em><strong>Duo &#8211; improvisation<\/strong><\/em><br>\u00ab\u00a0\u00c9quivoxe\u00a0\u00bb duo Val\u00e9rie Philippin et Claudia Solal<br>\u00c9mission \u00ab\u00a0A l&rsquo;Improviste\u00a0\u00bb d&rsquo;Anne Montaron &#8211; France Musique<br>Festival Jazz et musique improvis\u00e9e en Franche-Comt\u00e9, 2016-2019.<br><br><strong><em>Lecture perform\u00e9e<\/em><\/strong><br>\u00ab\u00a0 N\u00e9on\u00a0 \u00bb de Jean-Marie Gleize<br>Programmation des \u00e9ditions de Bleu du Ciel pour le festival Po\u00e9sie Multipiste de Bordeaux, 2019<\/p>\n\n\n\n<p><em><strong>Th\u00e9\u00e2tre musical \u2013 improvisation &#8211; cr\u00e9ation<\/strong><\/em><br>\u00ab\u00a0VxH \u2013 La voix humaine\u00a0\u00bb<br>Voix enregistr\u00e9es pour la bande sonore du spectacle de Roland Auzet.<br>Enregistr\u00e9 \u00e0 l\u2019Ircam &#8211; cr\u00e9ation au 104 pour le festival Manifeste &#8211; Paris, 2018.<br><br><em><strong>Op\u00e9ra digital \u2013 improvisation &#8211; cr\u00e9ation<\/strong><\/em><br>\u00ab\u00a0Hamlet \u2013 Je suis vivant et vous \u00eates morts\u00a0\u00bb<br>Voix enregistr\u00e9e (la Reine et Oph\u00e9lie) pour l\u2019op\u00e9ra de Wilfried Wendling d\u2019apr\u00e8s Shakespeare.<br>La Muse en Circuit, cr\u00e9ation \u00e0 la Maison de Arts de Cr\u00e9teil \u2013 biennale N\u00e9mo \u2013 ARCADI, 2017.<\/p>\n\n\n\n<p><br><strong><em>Performance \u00e0 la mani\u00e8re de<\/em><\/strong><br>\u00ab&nbsp; Et tout cela m\u2019est advenu\u2026&nbsp; \u00bb<br>Performance solo sur une phrase d\u2019Erik Satie, improvisation \u00e0 la mani\u00e8re des compositeurs&nbsp; M\u00e2che, Boulez, Berio, Cage, Saariaho, Aperghis, Scelsi, Ligeti , Feldman, Lachenmann.<br>Soir\u00e9e des 40 ans du CDMC \u2013 Centre de Documentation de la Musique Contemporaine \u2013 Paris, 2017.<br><br><strong><em>Improvisation \u2013 enregistrement Radio France<\/em><\/strong><br>Duo avec S\u00e9verine Ballon, violoncelle.<br>Emission \u00ab&nbsp; A l\u2019improviste&nbsp; \u00bb d\u2019Anne Montaron, France Musique, 2015.<br><br><strong><em>Improvisation<\/em><\/strong><br>\u00ab&nbsp;Arkh\u00e9\u00efon 7 \u2013 Camus&nbsp;\u00bb<br>Duo d\u2019improvisation avec Charlotte Testu, contrebasse, traitement \u00e9lectronique et composition Wilfried Wendling.<br>Alla Breve, \u00e9mission d\u2019Anne Montaron,  France Musique, 2014.<br><br><strong><em>Performance &#8211; improvisation<\/em><\/strong><br>\u00ab&nbsp;Artaud Cit\u00e9&nbsp;\u00bb<br>&nbsp;Improvisation et direction vocale de performers amateurs pour le spectacle en ext\u00e9rieur de Wilfried Wendling<br>Lieux Publics, Festival M\u00e9tamorphoses, Marseille, 2013.<br><br><strong><em>Performance po\u00e9sie et objets sonores<\/em><\/strong> <br>\u00ab&nbsp; Objets trouv\u00e9s&nbsp; \u00bb<br>Improvisation avec objets sonores \u2013 compositions, textes de Christophe Tarkos et Gherasim Luca. Vernissage de l\u2019exposition de la plasticienne Sylvie Mas \u2013 Moments artistiques-Christian Aubert, Paris, 2012.<br><br><strong><em>Performance &#8211; improvisation<\/em><\/strong><br>En trio avec David Jisse, r\u00e9citant et Wilfried Wendling, \u00e9lectronique. La<br>Muse en Circuit, Ga\u00eet\u00e9 lyrique, Paris, 2011.<br><br><strong><em>Performance &#8211; improvisation<\/em><\/strong><br>\u00ab&nbsp;Arkhe\u00efon&nbsp;\u00bb<br>Improvisation avec \u00e9lectronique dans une installation vid\u00e9o et son de Wilfried Wendling.<br>Maison de la Po\u00e9sie, Paris, 2010.<br><br><strong><em>Voix et contrebasse<\/em><\/strong><br>\u00ab&nbsp; Duo Val\u00e9rie Philippin-Nicolas Crosse&nbsp; \u00bb<br>Voix et contrebasse \u2013 r\u00e9pertoire contemporain et improvisation<br>Production Singuli\u00e8re Compagnie, Printemps des Po\u00e8tes \u00e0 l\u2019Universit\u00e9 de Jussieu-Paris, Auditorium Saint-Germain Paris, \u00c9glise Saint-Merri Paris, Th\u00e9\u00e2tre de Gennevilliers, Cit\u00e9 des Arts de la Ville de Paris, Festival Musiques Libres \u00e0 Besan\u00e7on, festival Hors Limite \u2013 Biblioth\u00e8ques de Seine-Saint-Denis, 2009-2012.<br><br><strong><em>Concert &#8211; improvisation<\/em><\/strong><br>Avec Catherine Jauniaux, Carole H\u00e9mard, Linda Bsiri et Andy Emler.<br>Enregistrement \u00e0 Radio France pour l\u2019\u00e9mission \u00ab A l\u2019improviste \u00bb d\u2019Anne Montaron, France Musique, 2005.<br><br><strong><em>Performance &#8211; improvisation<\/em><\/strong><br>\u00ab&nbsp;Superflux&nbsp;\u00bb<br>Improvisation sur un d\u00e9tournement en direct du journal t\u00e9l\u00e9vis\u00e9 pour la spectacle multim\u00e9dia de Martin Hardouin Duparc, mixage David Chazam.<br>Festival \u00ab Extension du domaine de la note \u00bb &#8211; La Muse en circuit, Paris, 2005.<br><br><strong><em>Concert &#8211; improvisation<\/em><\/strong><br>Sur le th\u00e8me du Cabaret du Chat Noir, avec Sylvain Kassap, Garth Knox, Pascal Contet, Isabelle Berteletti.<br>Enregistrement au Mus\u00e9e d\u2019Orsay pour l\u2019\u00e9mission \u00ab A l\u2019improviste \u00bb d\u2019Anne Montaron, France Musique, 2005.<br><br><strong><em>Concert &#8211; improvisation<\/em><\/strong><br>Avec Pascal Cont\u00e9, Fran\u00e7ois Chevillon, Armand Angster, Fran\u00e7oise Kubler, Fran\u00e7ois Corneloup, Didier Ithursarry&#8230;<br>Festival \u00ab Mon Bel Accord\u00e9on \u00bb, Th\u00e9\u00e2tre 71 de Malakoff, 2004.<br><br><strong><em>Concert &#8211; improvisation<\/em><\/strong><br>En trio avec Jo\u00eblle L\u00e9andre, contrebasse et Pascal Cont\u00e9, accord\u00e9on.<br>Sc\u00e8ne nationale d\u2019Albi, 2002.<br><br><strong><em>Cr\u00e9ation Radiophonique<\/em><\/strong>&nbsp;<br>\u00ab&nbsp;Marseille Alger&nbsp;\u00bb<br>Improvisation pour l\u2019\u00e9mission r\u00e9alis\u00e9e par Mariela Damian et Laurence Huet.<br>Les ateliers de cr\u00e9ation radiophonique &#8211; France Culture, 2002.<br><br><strong>Concert &#8211; improvisation<\/strong><br>\u00ab&nbsp;Pol\u00e9oscope&nbsp;\u00bb<br>Nicholas Walker, contrebasse &#8211; Guy Livingston, piano &#8211; Val\u00e9rie Philippin, voix.<br>Cr\u00e9ation improvis\u00e9e sur des po\u00e8mes de Michel Deguy \u00e0 l\u2019occasion des soixante ans du po\u00e8te. <br>Revue parl\u00e9e du Centre Pompidou<br>Diffusion France Culture, 1995.<\/p>\n\n\n\n<p><\/p>\n<\/div><\/div>\n<\/div>\n\n\n\n<div class=\"wp-block-column is-layout-flow wp-block-column-is-layout-flow\">\n<figure class=\"wp-block-embed is-type-video is-provider-youtube wp-block-embed-youtube wp-embed-aspect-16-9 wp-has-aspect-ratio\"><div class=\"wp-block-embed__wrapper\">\n<iframe loading=\"lazy\"  id=\"_ytid_73992\"  width=\"843\" height=\"474\"  data-origwidth=\"843\" data-origheight=\"474\" src=\"https:\/\/www.youtube.com\/embed\/Omx4zgRqegM?enablejsapi=1&#038;autoplay=0&#038;cc_load_policy=0&#038;cc_lang_pref=&#038;iv_load_policy=1&#038;loop=0&#038;rel=1&#038;fs=1&#038;playsinline=0&#038;autohide=2&#038;theme=dark&#038;color=red&#038;controls=1&#038;disablekb=0&#038;\" class=\"__youtube_prefs__  epyt-is-override  no-lazyload\" title=\"YouTube player\"  allow=\"fullscreen; accelerometer; autoplay; clipboard-write; encrypted-media; gyroscope; picture-in-picture; web-share\" referrerpolicy=\"strict-origin-when-cross-origin\" allowfullscreen data-no-lazy=\"1\" data-skipgform_ajax_framebjll=\"\"><\/iframe>\n<\/div><\/figure>\n\n\n\n<figure class=\"wp-block-embed is-type-video is-provider-youtube wp-block-embed-youtube wp-embed-aspect-16-9 wp-has-aspect-ratio\"><div class=\"wp-block-embed__wrapper\">\n<iframe loading=\"lazy\"  id=\"_ytid_89419\"  width=\"843\" height=\"474\"  data-origwidth=\"843\" data-origheight=\"474\" src=\"https:\/\/www.youtube.com\/embed\/7LfiycQvM6M?enablejsapi=1&#038;autoplay=0&#038;cc_load_policy=0&#038;cc_lang_pref=&#038;iv_load_policy=1&#038;loop=0&#038;rel=1&#038;fs=1&#038;playsinline=0&#038;autohide=2&#038;theme=dark&#038;color=red&#038;controls=1&#038;disablekb=0&#038;\" class=\"__youtube_prefs__  epyt-is-override  no-lazyload\" title=\"YouTube player\"  allow=\"fullscreen; accelerometer; autoplay; clipboard-write; encrypted-media; gyroscope; picture-in-picture; web-share\" referrerpolicy=\"strict-origin-when-cross-origin\" allowfullscreen data-no-lazy=\"1\" data-skipgform_ajax_framebjll=\"\"><\/iframe>\n<\/div><\/figure>\n\n\n\n<figure class=\"wp-block-image size-large\"><img loading=\"lazy\" decoding=\"async\" width=\"1024\" height=\"1024\" src=\"http:\/\/valerie-philippin.com\/site\/wp-content\/uploads\/2020\/04\/22Artaud-cit\u00e922-de-Wilfried-Wendling-Festival-M\u00e9tamorphoses-de-Lieux-Publics-Marseille-1024x1024.jpg\" alt=\"\" class=\"wp-image-1733\" srcset=\"https:\/\/www.valerie-philippin.com\/site\/wp-content\/uploads\/2020\/04\/22Artaud-cit\u00e922-de-Wilfried-Wendling-Festival-M\u00e9tamorphoses-de-Lieux-Publics-Marseille-1024x1024.jpg 1024w, https:\/\/www.valerie-philippin.com\/site\/wp-content\/uploads\/2020\/04\/22Artaud-cit\u00e922-de-Wilfried-Wendling-Festival-M\u00e9tamorphoses-de-Lieux-Publics-Marseille-300x300.jpg 300w, https:\/\/www.valerie-philippin.com\/site\/wp-content\/uploads\/2020\/04\/22Artaud-cit\u00e922-de-Wilfried-Wendling-Festival-M\u00e9tamorphoses-de-Lieux-Publics-Marseille-150x150.jpg 150w, https:\/\/www.valerie-philippin.com\/site\/wp-content\/uploads\/2020\/04\/22Artaud-cit\u00e922-de-Wilfried-Wendling-Festival-M\u00e9tamorphoses-de-Lieux-Publics-Marseille-768x767.jpg 768w, https:\/\/www.valerie-philippin.com\/site\/wp-content\/uploads\/2020\/04\/22Artaud-cit\u00e922-de-Wilfried-Wendling-Festival-M\u00e9tamorphoses-de-Lieux-Publics-Marseille-1536x1534.jpg 1536w, https:\/\/www.valerie-philippin.com\/site\/wp-content\/uploads\/2020\/04\/22Artaud-cit\u00e922-de-Wilfried-Wendling-Festival-M\u00e9tamorphoses-de-Lieux-Publics-Marseille.jpg 1580w\" sizes=\"auto, (max-width: 1024px) 100vw, 1024px\" \/><figcaption class=\"wp-element-caption\">Artaud Cit\u00e9 &#8211; Festival M\u00e9tamorphoses, Marseille 2013\n<\/figcaption><\/figure>\n\n\n\n<figure class=\"wp-block-embed is-type-video is-provider-youtube wp-block-embed-youtube wp-embed-aspect-16-9 wp-has-aspect-ratio\"><div class=\"wp-block-embed__wrapper\">\n<iframe loading=\"lazy\"  id=\"_ytid_22220\"  width=\"843\" height=\"474\"  data-origwidth=\"843\" data-origheight=\"474\" src=\"https:\/\/www.youtube.com\/embed\/7pBNWcUR_AY?enablejsapi=1&#038;autoplay=0&#038;cc_load_policy=0&#038;cc_lang_pref=&#038;iv_load_policy=1&#038;loop=0&#038;rel=1&#038;fs=1&#038;playsinline=0&#038;autohide=2&#038;theme=dark&#038;color=red&#038;controls=1&#038;disablekb=0&#038;\" class=\"__youtube_prefs__  epyt-is-override  no-lazyload\" title=\"YouTube player\"  allow=\"fullscreen; accelerometer; autoplay; clipboard-write; encrypted-media; gyroscope; picture-in-picture; web-share\" referrerpolicy=\"strict-origin-when-cross-origin\" allowfullscreen data-no-lazy=\"1\" data-skipgform_ajax_framebjll=\"\"><\/iframe>\n<\/div><\/figure>\n<\/div>\n\n\n\n<div class=\"wp-block-column is-layout-flow wp-block-column-is-layout-flow\">\n<figure class=\"wp-block-embed is-type-video is-provider-youtube wp-block-embed-youtube wp-embed-aspect-16-9 wp-has-aspect-ratio\"><div class=\"wp-block-embed__wrapper\">\n<iframe loading=\"lazy\"  id=\"_ytid_82610\"  width=\"843\" height=\"474\"  data-origwidth=\"843\" data-origheight=\"474\" src=\"https:\/\/www.youtube.com\/embed\/e6WQIzxT5YY?enablejsapi=1&#038;autoplay=0&#038;cc_load_policy=0&#038;cc_lang_pref=&#038;iv_load_policy=1&#038;loop=0&#038;rel=1&#038;fs=1&#038;playsinline=0&#038;autohide=2&#038;theme=dark&#038;color=red&#038;controls=1&#038;disablekb=0&#038;\" class=\"__youtube_prefs__  epyt-is-override  no-lazyload\" title=\"YouTube player\"  allow=\"fullscreen; accelerometer; autoplay; clipboard-write; encrypted-media; gyroscope; picture-in-picture; web-share\" referrerpolicy=\"strict-origin-when-cross-origin\" allowfullscreen data-no-lazy=\"1\" data-skipgform_ajax_framebjll=\"\"><\/iframe>\n<\/div><\/figure>\n\n\n\n<figure class=\"wp-block-embed is-type-video is-provider-youtube wp-block-embed-youtube wp-embed-aspect-16-9 wp-has-aspect-ratio\"><div class=\"wp-block-embed__wrapper\">\n<iframe loading=\"lazy\"  id=\"_ytid_84665\"  width=\"843\" height=\"474\"  data-origwidth=\"843\" data-origheight=\"474\" src=\"https:\/\/www.youtube.com\/embed\/jLtz_XZpl2E?enablejsapi=1&#038;autoplay=0&#038;cc_load_policy=0&#038;cc_lang_pref=&#038;iv_load_policy=1&#038;loop=0&#038;rel=1&#038;fs=1&#038;playsinline=0&#038;autohide=2&#038;theme=dark&#038;color=red&#038;controls=1&#038;disablekb=0&#038;\" class=\"__youtube_prefs__  epyt-is-override  no-lazyload\" title=\"YouTube player\"  allow=\"fullscreen; accelerometer; autoplay; clipboard-write; encrypted-media; gyroscope; picture-in-picture; web-share\" referrerpolicy=\"strict-origin-when-cross-origin\" allowfullscreen data-no-lazy=\"1\" data-skipgform_ajax_framebjll=\"\"><\/iframe>\n<\/div><\/figure>\n\n\n\n<figure class=\"wp-block-embed is-type-video is-provider-youtube wp-block-embed-youtube wp-embed-aspect-16-9 wp-has-aspect-ratio\"><div class=\"wp-block-embed__wrapper\">\n<iframe loading=\"lazy\"  id=\"_ytid_26358\"  width=\"843\" height=\"474\"  data-origwidth=\"843\" data-origheight=\"474\" src=\"https:\/\/www.youtube.com\/embed\/qbySYRMGHy4?enablejsapi=1&#038;autoplay=0&#038;cc_load_policy=0&#038;cc_lang_pref=&#038;iv_load_policy=1&#038;loop=0&#038;rel=1&#038;fs=1&#038;playsinline=0&#038;autohide=2&#038;theme=dark&#038;color=red&#038;controls=1&#038;disablekb=0&#038;\" class=\"__youtube_prefs__  epyt-is-override  no-lazyload\" title=\"YouTube player\"  allow=\"fullscreen; accelerometer; autoplay; clipboard-write; encrypted-media; gyroscope; picture-in-picture; web-share\" referrerpolicy=\"strict-origin-when-cross-origin\" allowfullscreen data-no-lazy=\"1\" data-skipgform_ajax_framebjll=\"\"><\/iframe>\n<\/div><\/figure>\n\n\n\n<figure class=\"wp-block-embed is-type-video is-provider-youtube wp-block-embed-youtube wp-embed-aspect-16-9 wp-has-aspect-ratio\"><div class=\"wp-block-embed__wrapper\">\n<iframe loading=\"lazy\"  id=\"_ytid_22740\"  width=\"843\" height=\"474\"  data-origwidth=\"843\" data-origheight=\"474\" src=\"https:\/\/www.youtube.com\/embed\/Iu6xhSo-yuU?enablejsapi=1&#038;autoplay=0&#038;cc_load_policy=0&#038;cc_lang_pref=&#038;iv_load_policy=1&#038;loop=0&#038;rel=1&#038;fs=1&#038;playsinline=0&#038;autohide=2&#038;theme=dark&#038;color=red&#038;controls=1&#038;disablekb=0&#038;\" class=\"__youtube_prefs__  epyt-is-override  no-lazyload\" title=\"YouTube player\"  allow=\"fullscreen; accelerometer; autoplay; clipboard-write; encrypted-media; gyroscope; picture-in-picture; web-share\" referrerpolicy=\"strict-origin-when-cross-origin\" allowfullscreen data-no-lazy=\"1\" data-skipgform_ajax_framebjll=\"\"><\/iframe>\n<\/div><\/figure>\n<\/div>\n<\/div>\n\n\n\n<div class=\"wp-block-columns is-layout-flex wp-container-core-columns-is-layout-9d6595d7 wp-block-columns-is-layout-flex\">\n<div class=\"wp-block-column is-layout-flow wp-block-column-is-layout-flow\"><\/div>\n\n\n\n<div class=\"wp-block-column is-layout-flow wp-block-column-is-layout-flow\"><\/div>\n<\/div>\n\n\n\n<figure class=\"wp-block-video\"><\/figure>\n","protected":false},"excerpt":{"rendered":"<p>Compositions partag\u00e9es, instantan\u00e9es ou mitonn\u00e9es<\/p>\n","protected":false},"author":1,"featured_media":0,"parent":0,"menu_order":0,"comment_status":"closed","ping_status":"closed","template":"","meta":{"footnotes":""},"class_list":["post-3170","page","type-page","status-publish","hentry"],"yoast_head":"<!-- This site is optimized with the Yoast SEO plugin v27.4 - https:\/\/yoast.com\/product\/yoast-seo-wordpress\/ -->\n<title>ImprovisationS &#8226; Val\u00e9rie Philippin \/ Cie Territoires de la voix<\/title>\n<meta name=\"robots\" content=\"index, follow, max-snippet:-1, max-image-preview:large, max-video-preview:-1\" \/>\n<link rel=\"canonical\" href=\"https:\/\/www.valerie-philippin.com\/site\/improvisation\/\" \/>\n<meta property=\"og:locale\" content=\"fr_FR\" \/>\n<meta property=\"og:type\" content=\"article\" \/>\n<meta property=\"og:title\" content=\"ImprovisationS &#8226; Val\u00e9rie Philippin \/ Cie Territoires de la voix\" \/>\n<meta property=\"og:description\" content=\"Compositions partag\u00e9es, instantan\u00e9es ou mitonn\u00e9es\" \/>\n<meta property=\"og:url\" content=\"https:\/\/www.valerie-philippin.com\/site\/improvisation\/\" \/>\n<meta property=\"og:site_name\" content=\"Val\u00e9rie Philippin \/ Cie Territoires de la voix\" \/>\n<meta property=\"article:modified_time\" content=\"2024-09-13T12:35:34+00:00\" \/>\n<meta property=\"og:image\" content=\"https:\/\/www.valerie-philippin.com\/site\/wp-content\/uploads\/2020\/04\/copyr-Jean-Radel-04-11-copie.jpg\" \/>\n\t<meta property=\"og:image:width\" content=\"2509\" \/>\n\t<meta property=\"og:image:height\" content=\"2338\" \/>\n\t<meta property=\"og:image:type\" content=\"image\/jpeg\" \/>\n<meta name=\"twitter:card\" content=\"summary_large_image\" \/>\n<meta name=\"twitter:label1\" content=\"Dur\u00e9e de lecture estim\u00e9e\" \/>\n\t<meta name=\"twitter:data1\" content=\"4 minutes\" \/>\n<script type=\"application\/ld+json\" class=\"yoast-schema-graph\">{\"@context\":\"https:\\\/\\\/schema.org\",\"@graph\":[{\"@type\":\"WebPage\",\"@id\":\"https:\\\/\\\/www.valerie-philippin.com\\\/site\\\/improvisation\\\/\",\"url\":\"https:\\\/\\\/www.valerie-philippin.com\\\/site\\\/improvisation\\\/\",\"name\":\"ImprovisationS &#8226; Val\u00e9rie Philippin \\\/ Cie Territoires de la voix\",\"isPartOf\":{\"@id\":\"https:\\\/\\\/www.valerie-philippin.com\\\/site\\\/#website\"},\"datePublished\":\"2020-06-09T09:44:10+00:00\",\"dateModified\":\"2024-09-13T12:35:34+00:00\",\"breadcrumb\":{\"@id\":\"https:\\\/\\\/www.valerie-philippin.com\\\/site\\\/improvisation\\\/#breadcrumb\"},\"inLanguage\":\"fr-FR\",\"potentialAction\":[{\"@type\":\"ReadAction\",\"target\":[\"https:\\\/\\\/www.valerie-philippin.com\\\/site\\\/improvisation\\\/\"]}]},{\"@type\":\"BreadcrumbList\",\"@id\":\"https:\\\/\\\/www.valerie-philippin.com\\\/site\\\/improvisation\\\/#breadcrumb\",\"itemListElement\":[{\"@type\":\"ListItem\",\"position\":1,\"name\":\"Accueil\",\"item\":\"https:\\\/\\\/www.valerie-philippin.com\\\/site\\\/\"},{\"@type\":\"ListItem\",\"position\":2,\"name\":\"ImprovisationS\"}]},{\"@type\":\"WebSite\",\"@id\":\"https:\\\/\\\/www.valerie-philippin.com\\\/site\\\/#website\",\"url\":\"https:\\\/\\\/www.valerie-philippin.com\\\/site\\\/\",\"name\":\"Val\u00e9rie Philippin \\\/ Cie Territoires de la voix\",\"description\":\"FaBLab de cr\u00e9ation vocale contemporaine\",\"publisher\":{\"@id\":\"https:\\\/\\\/www.valerie-philippin.com\\\/site\\\/#organization\"},\"potentialAction\":[{\"@type\":\"SearchAction\",\"target\":{\"@type\":\"EntryPoint\",\"urlTemplate\":\"https:\\\/\\\/www.valerie-philippin.com\\\/site\\\/?s={search_term_string}\"},\"query-input\":{\"@type\":\"PropertyValueSpecification\",\"valueRequired\":true,\"valueName\":\"search_term_string\"}}],\"inLanguage\":\"fr-FR\"},{\"@type\":\"Organization\",\"@id\":\"https:\\\/\\\/www.valerie-philippin.com\\\/site\\\/#organization\",\"name\":\"Territoires de la voix\",\"url\":\"https:\\\/\\\/www.valerie-philippin.com\\\/site\\\/\",\"logo\":{\"@type\":\"ImageObject\",\"inLanguage\":\"fr-FR\",\"@id\":\"https:\\\/\\\/www.valerie-philippin.com\\\/site\\\/#\\\/schema\\\/logo\\\/image\\\/\",\"url\":\"http:\\\/\\\/www.valerie-philippin.com\\\/site\\\/wp-content\\\/uploads\\\/2020\\\/06\\\/logoterritoiresdelavoix.png\",\"contentUrl\":\"http:\\\/\\\/www.valerie-philippin.com\\\/site\\\/wp-content\\\/uploads\\\/2020\\\/06\\\/logoterritoiresdelavoix.png\",\"width\":500,\"height\":537,\"caption\":\"Territoires de la voix\"},\"image\":{\"@id\":\"https:\\\/\\\/www.valerie-philippin.com\\\/site\\\/#\\\/schema\\\/logo\\\/image\\\/\"}}]}<\/script>\n<!-- \/ Yoast SEO plugin. -->","yoast_head_json":{"title":"ImprovisationS &#8226; Val\u00e9rie Philippin \/ Cie Territoires de la voix","robots":{"index":"index","follow":"follow","max-snippet":"max-snippet:-1","max-image-preview":"max-image-preview:large","max-video-preview":"max-video-preview:-1"},"canonical":"https:\/\/www.valerie-philippin.com\/site\/improvisation\/","og_locale":"fr_FR","og_type":"article","og_title":"ImprovisationS &#8226; Val\u00e9rie Philippin \/ Cie Territoires de la voix","og_description":"Compositions partag\u00e9es, instantan\u00e9es ou mitonn\u00e9es","og_url":"https:\/\/www.valerie-philippin.com\/site\/improvisation\/","og_site_name":"Val\u00e9rie Philippin \/ Cie Territoires de la voix","article_modified_time":"2024-09-13T12:35:34+00:00","og_image":[{"width":2509,"height":2338,"url":"https:\/\/www.valerie-philippin.com\/site\/wp-content\/uploads\/2020\/04\/copyr-Jean-Radel-04-11-copie.jpg","type":"image\/jpeg"}],"twitter_card":"summary_large_image","twitter_misc":{"Dur\u00e9e de lecture estim\u00e9e":"4 minutes"},"schema":{"@context":"https:\/\/schema.org","@graph":[{"@type":"WebPage","@id":"https:\/\/www.valerie-philippin.com\/site\/improvisation\/","url":"https:\/\/www.valerie-philippin.com\/site\/improvisation\/","name":"ImprovisationS &#8226; Val\u00e9rie Philippin \/ Cie Territoires de la voix","isPartOf":{"@id":"https:\/\/www.valerie-philippin.com\/site\/#website"},"datePublished":"2020-06-09T09:44:10+00:00","dateModified":"2024-09-13T12:35:34+00:00","breadcrumb":{"@id":"https:\/\/www.valerie-philippin.com\/site\/improvisation\/#breadcrumb"},"inLanguage":"fr-FR","potentialAction":[{"@type":"ReadAction","target":["https:\/\/www.valerie-philippin.com\/site\/improvisation\/"]}]},{"@type":"BreadcrumbList","@id":"https:\/\/www.valerie-philippin.com\/site\/improvisation\/#breadcrumb","itemListElement":[{"@type":"ListItem","position":1,"name":"Accueil","item":"https:\/\/www.valerie-philippin.com\/site\/"},{"@type":"ListItem","position":2,"name":"ImprovisationS"}]},{"@type":"WebSite","@id":"https:\/\/www.valerie-philippin.com\/site\/#website","url":"https:\/\/www.valerie-philippin.com\/site\/","name":"Val\u00e9rie Philippin \/ Cie Territoires de la voix","description":"FaBLab de cr\u00e9ation vocale contemporaine","publisher":{"@id":"https:\/\/www.valerie-philippin.com\/site\/#organization"},"potentialAction":[{"@type":"SearchAction","target":{"@type":"EntryPoint","urlTemplate":"https:\/\/www.valerie-philippin.com\/site\/?s={search_term_string}"},"query-input":{"@type":"PropertyValueSpecification","valueRequired":true,"valueName":"search_term_string"}}],"inLanguage":"fr-FR"},{"@type":"Organization","@id":"https:\/\/www.valerie-philippin.com\/site\/#organization","name":"Territoires de la voix","url":"https:\/\/www.valerie-philippin.com\/site\/","logo":{"@type":"ImageObject","inLanguage":"fr-FR","@id":"https:\/\/www.valerie-philippin.com\/site\/#\/schema\/logo\/image\/","url":"http:\/\/www.valerie-philippin.com\/site\/wp-content\/uploads\/2020\/06\/logoterritoiresdelavoix.png","contentUrl":"http:\/\/www.valerie-philippin.com\/site\/wp-content\/uploads\/2020\/06\/logoterritoiresdelavoix.png","width":500,"height":537,"caption":"Territoires de la voix"},"image":{"@id":"https:\/\/www.valerie-philippin.com\/site\/#\/schema\/logo\/image\/"}}]}},"_links":{"self":[{"href":"https:\/\/www.valerie-philippin.com\/site\/wp-json\/wp\/v2\/pages\/3170","targetHints":{"allow":["GET"]}}],"collection":[{"href":"https:\/\/www.valerie-philippin.com\/site\/wp-json\/wp\/v2\/pages"}],"about":[{"href":"https:\/\/www.valerie-philippin.com\/site\/wp-json\/wp\/v2\/types\/page"}],"author":[{"embeddable":true,"href":"https:\/\/www.valerie-philippin.com\/site\/wp-json\/wp\/v2\/users\/1"}],"replies":[{"embeddable":true,"href":"https:\/\/www.valerie-philippin.com\/site\/wp-json\/wp\/v2\/comments?post=3170"}],"version-history":[{"count":28,"href":"https:\/\/www.valerie-philippin.com\/site\/wp-json\/wp\/v2\/pages\/3170\/revisions"}],"predecessor-version":[{"id":5443,"href":"https:\/\/www.valerie-philippin.com\/site\/wp-json\/wp\/v2\/pages\/3170\/revisions\/5443"}],"wp:attachment":[{"href":"https:\/\/www.valerie-philippin.com\/site\/wp-json\/wp\/v2\/media?parent=3170"}],"curies":[{"name":"wp","href":"https:\/\/api.w.org\/{rel}","templated":true}]}}